{"id":351,"date":"2025-03-21T10:47:57","date_gmt":"2025-03-21T09:47:57","guid":{"rendered":"https:\/\/haltern.eu\/schuetzengilde\/all-courses\/"},"modified":"2026-01-29T12:29:07","modified_gmt":"2026-01-29T11:29:07","slug":"gildehaus","status":"publish","type":"page","link":"https:\/\/haltern.eu\/schuetzengilde\/gildehaus\/","title":{"rendered":"Gildehaus"},"content":{"rendered":"\t\t<div data-elementor-type=\"wp-page\" data-elementor-id=\"351\" class=\"elementor elementor-351\">\n\t\t\t\t<div class=\"elementor-element elementor-element-3044348 e-flex e-con-boxed e-con e-parent\" data-id=\"3044348\" data-element_type=\"container\" data-e-type=\"container\" data-settings=\"{&quot;background_background&quot;:&quot;classic&quot;}\">\n\t\t\t\t\t<div class=\"e-con-inner\">\n\t\t<div class=\"elementor-element elementor-element-49bbbcf e-con-full e-flex e-con e-child\" data-id=\"49bbbcf\" data-element_type=\"container\" data-e-type=\"container\">\n\t\t<div class=\"elementor-element elementor-element-398af88 e-con-full e-flex e-con e-child\" data-id=\"398af88\" data-element_type=\"container\" data-e-type=\"container\">\n\t\t<div class=\"elementor-element elementor-element-38236b9 e-con-full e-flex e-con e-child\" data-id=\"38236b9\" data-element_type=\"container\" data-e-type=\"container\">\n\t\t<div class=\"elementor-element elementor-element-c01da39 e-grid e-con-full e-con e-child\" data-id=\"c01da39\" data-element_type=\"container\" data-e-type=\"container\">\n\t\t\t\t<div class=\"elementor-element elementor-element-9ae681e elementor-widget elementor-widget-image\" data-id=\"9ae681e\" data-element_type=\"widget\" data-e-type=\"widget\" data-settings=\"{&quot;_animation&quot;:&quot;none&quot;}\" data-widget_type=\"image.default\">\n\t\t\t\t<div class=\"elementor-widget-container\">\n\t\t\t\t\t\t\t\t\t\t\t\t\t\t\t<img fetchpriority=\"high\" decoding=\"async\" width=\"300\" height=\"300\" src=\"https:\/\/haltern.eu\/schuetzengilde\/wp-content\/uploads\/2025\/03\/favicon_gilde-300x300.png\" class=\"attachment-medium size-medium wp-image-1173\" alt=\"\" srcset=\"https:\/\/haltern.eu\/schuetzengilde\/wp-content\/uploads\/2025\/03\/favicon_gilde-300x300.png 300w, https:\/\/haltern.eu\/schuetzengilde\/wp-content\/uploads\/2025\/03\/favicon_gilde-150x150.png 150w, https:\/\/haltern.eu\/schuetzengilde\/wp-content\/uploads\/2025\/03\/favicon_gilde.png 512w\" sizes=\"(max-width: 300px) 100vw, 300px\" \/>\t\t\t\t\t\t\t\t\t\t\t\t\t\t\t<\/div>\n\t\t\t\t<\/div>\n\t\t\t\t<div class=\"elementor-element elementor-element-e273ca4 elementor-invisible elementor-widget elementor-widget-heading\" data-id=\"e273ca4\" data-element_type=\"widget\" data-e-type=\"widget\" data-settings=\"{&quot;_animation&quot;:&quot;zoomInUp&quot;,&quot;_animation_delay&quot;:300}\" data-widget_type=\"heading.default\">\n\t\t\t\t<div class=\"elementor-widget-container\">\n\t\t\t\t\t<h2 class=\"elementor-heading-title elementor-size-default\">Unser Gildehaus<\/h2>\t\t\t\t<\/div>\n\t\t\t\t<\/div>\n\t\t\t\t<\/div>\n\t\t\t\t<\/div>\n\t\t\t\t<\/div>\n\t\t\t\t<\/div>\n\t\t\t\t\t<\/div>\n\t\t\t\t<\/div>\n\t\t<div class=\"elementor-element elementor-element-5a22b1d e-flex e-con-boxed e-con e-parent\" data-id=\"5a22b1d\" data-element_type=\"container\" data-e-type=\"container\">\n\t\t\t\t\t<div class=\"e-con-inner\">\n\t\t\t\t<div class=\"elementor-element elementor-element-e014e15 elementor-widget-divider--view-line elementor-widget elementor-widget-divider\" data-id=\"e014e15\" data-element_type=\"widget\" data-e-type=\"widget\" data-widget_type=\"divider.default\">\n\t\t\t\t<div class=\"elementor-widget-container\">\n\t\t\t\t\t\t\t<div class=\"elementor-divider\">\n\t\t\t<span class=\"elementor-divider-separator\">\n\t\t\t\t\t\t<\/span>\n\t\t<\/div>\n\t\t\t\t\t\t<\/div>\n\t\t\t\t<\/div>\n\t\t\t\t<div class=\"elementor-element elementor-element-76a91d3 elementor-widget elementor-widget-heading\" data-id=\"76a91d3\" data-element_type=\"widget\" data-e-type=\"widget\" data-widget_type=\"heading.default\">\n\t\t\t\t<div class=\"elementor-widget-container\">\n\t\t\t\t\t<h2 class=\"elementor-heading-title elementor-size-default\">Zur Vorgeschichte<\/h2>\t\t\t\t<\/div>\n\t\t\t\t<\/div>\n\t\t\t\t<div class=\"elementor-element elementor-element-c816540 elementor-widget elementor-widget-heading\" data-id=\"c816540\" data-element_type=\"widget\" data-e-type=\"widget\" data-widget_type=\"heading.default\">\n\t\t\t\t<div class=\"elementor-widget-container\">\n\t\t\t\t\t<h6 class=\"elementor-heading-title elementor-size-default\">Nachdem bereits seit \u00fcber 20 Jahren in der Sch\u00fctzengilde der Wunsch bestand einen eigenen Schie\u00dfstand zu bauen, wurde dieser Wunsch im Jahr 2017 Wirklichkeit.<\/h6>\t\t\t\t<\/div>\n\t\t\t\t<\/div>\n\t\t\t\t\t<\/div>\n\t\t\t\t<\/div>\n\t\t<div class=\"elementor-element elementor-element-81e4c33 e-flex e-con-boxed e-con e-parent\" data-id=\"81e4c33\" data-element_type=\"container\" data-e-type=\"container\">\n\t\t\t\t\t<div class=\"e-con-inner\">\n\t\t\t\t<div class=\"elementor-element elementor-element-df74d86 elementor-widget elementor-widget-text-editor\" data-id=\"df74d86\" data-element_type=\"widget\" data-e-type=\"widget\" data-widget_type=\"text-editor.default\">\n\t\t\t\t<div class=\"elementor-widget-container\">\n\t\t\t\t\t\t\t\t\t<div class=\"imTAJustify\"><span class=\"fs10\"><span class=\"\">Bereits\u00a0 Adolf Pieper legte in den Achtzigerjahren die ersten Planentw\u00fcrfe f\u00fcr einen Schie\u00dfstand mit mehreren verschiedenen Bahnl\u00e4ngen und <\/span><span class=\"\">Gesellschaftsraum<\/span><span class=\"\"> vor. Leider gab es damals in der Gilde nicht die finanziellen M\u00f6glichkeiten einen solchen Plan umzusetzen. Erst sp\u00e4ter im Jahre 2008, als man durch geschickte Verhandlungen zum Sch\u00fctzenfest eine R\u00fccklage <\/span><span class=\"\">bilden<\/span><span class=\"\"> konnte, wurde durch die Mitglieder beschlossen ein Grundst\u00fcck als Basis f\u00fcr die Umsetzung des eigenen Heimes zu erwerben.<\/span><br \/><\/span><\/div>\n<div><span class=\"fs10\"> \u00a0<\/span><span class=\"fs10\">Im Jahr 2014 hat dann die Mitgliederversammlung den endg\u00fcltigen Baubeschluss f\u00fcr unser \u201eGildehaus \u2013 Treffpunkt der Sch\u00fctzen\u201c gefasst. Hier sollen sich sowohl der Schie\u00dfsport als auch das gesellige Beisammensein der Kompanien und der Gilde selbst wiederfinden.<\/span><\/div>\n<div><span class=\"fs10\"> \u00a0<\/span><\/div>\n<div><span class=\"fs10\">Der Baubeginn und die Grundsteinlegung fanden dann im Herbst 2015 statt. Arbeiten welche nicht durch die eigene Leistung der vielen Helfer aus den eigene Reihen erbracht werden konnten, sind s\u00e4mtlich durch regional ans\u00e4ssige Firmen erbracht worden, teilweise zum Selbstkostenpreis. Daf\u00fcr an dieser Stelle nochmals vielen Dank an die vielen Helfer und Firmen, auch an die welche sich finanziell beteiligt haben.<\/span><\/div>\n<div><span class=\"fs10\"> \u00a0<\/span><\/div>\n<div class=\"imTAJustify\"><span class=\"fs10\">Die Fertigstellung und Einweihung wurden mit einer gro\u00dfen Veranstaltung im Februar 2017 begangen. Sowohl die Helfer als auch die Spender, die lokale Politik, viele Vertreter der benachbarten und befreundeten Sch\u00fctzenvereine sowie Mitglieder der Gilde selbst feierten die Realisierung ihres mehr als 20 Jahre alten Traumes.<\/span><\/div>\t\t\t\t\t\t\t\t<\/div>\n\t\t\t\t<\/div>\n\t\t\t\t<div class=\"elementor-element elementor-element-56f38e5 elementor-widget elementor-widget-heading\" data-id=\"56f38e5\" data-element_type=\"widget\" data-e-type=\"widget\" data-widget_type=\"heading.default\">\n\t\t\t\t<div class=\"elementor-widget-container\">\n\t\t\t\t\t<h5 class=\"elementor-heading-title elementor-size-default\">Einweihung des Gildehauses 11. Februar 2017<\/h5>\t\t\t\t<\/div>\n\t\t\t\t<\/div>\n\t\t\t\t<div class=\"elementor-element elementor-element-f584378 elementor-widget elementor-widget-video\" data-id=\"f584378\" data-element_type=\"widget\" data-e-type=\"widget\" data-settings=\"{&quot;youtube_url&quot;:&quot;https:\\\/\\\/youtu.be\\\/GDTHAJdnx6c?si=XzFH9sPuWs-OduOV&quot;,&quot;video_type&quot;:&quot;youtube&quot;,&quot;controls&quot;:&quot;yes&quot;}\" data-widget_type=\"video.default\">\n\t\t\t\t<div class=\"elementor-widget-container\">\n\t\t\t\t\t\t\t<div class=\"elementor-wrapper elementor-open-inline\">\n\t\t\t<div class=\"elementor-video\"><\/div>\t\t<\/div>\n\t\t\t\t\t\t<\/div>\n\t\t\t\t<\/div>\n\t\t<div class=\"elementor-element elementor-element-0e2b736 e-con-full e-flex e-con e-child\" data-id=\"0e2b736\" data-element_type=\"container\" data-e-type=\"container\">\n\t\t\t\t<div class=\"elementor-element elementor-element-ee6fd2f elementor-arrows-position-outside elementor-widget elementor-widget-image-carousel\" data-id=\"ee6fd2f\" data-element_type=\"widget\" data-e-type=\"widget\" data-settings=\"{&quot;navigation&quot;:&quot;arrows&quot;,&quot;autoplay&quot;:&quot;yes&quot;,&quot;pause_on_hover&quot;:&quot;yes&quot;,&quot;pause_on_interaction&quot;:&quot;yes&quot;,&quot;autoplay_speed&quot;:5000,&quot;infinite&quot;:&quot;yes&quot;,&quot;speed&quot;:500}\" data-widget_type=\"image-carousel.default\">\n\t\t\t\t<div class=\"elementor-widget-container\">\n\t\t\t\t\t\t\t<div class=\"elementor-image-carousel-wrapper swiper\" role=\"region\" aria-roledescription=\"carousel\" aria-label=\"Bild Karussell\" dir=\"ltr\">\n\t\t\t<div class=\"elementor-image-carousel swiper-wrapper\" aria-live=\"off\">\n\t\t\t\t\t\t\t\t<div class=\"swiper-slide\" role=\"group\" aria-roledescription=\"slide\" aria-label=\"1 von 4\"><figure class=\"swiper-slide-inner\"><img decoding=\"async\" class=\"swiper-slide-image\" src=\"https:\/\/haltern.eu\/schuetzengilde\/wp-content\/uploads\/2025\/04\/IMG_9269-300x169.png\" alt=\"IMG_9269\" \/><\/figure><\/div><div class=\"swiper-slide\" role=\"group\" aria-roledescription=\"slide\" aria-label=\"2 von 4\"><figure class=\"swiper-slide-inner\"><img decoding=\"async\" class=\"swiper-slide-image\" src=\"https:\/\/haltern.eu\/schuetzengilde\/wp-content\/uploads\/2025\/04\/IMG_9276-300x169.png\" alt=\"IMG_9276\" \/><\/figure><\/div><div class=\"swiper-slide\" role=\"group\" aria-roledescription=\"slide\" aria-label=\"3 von 4\"><figure class=\"swiper-slide-inner\"><img decoding=\"async\" class=\"swiper-slide-image\" src=\"https:\/\/haltern.eu\/schuetzengilde\/wp-content\/uploads\/2025\/04\/IMG_9277-300x169.png\" alt=\"IMG_9277\" \/><\/figure><\/div><div class=\"swiper-slide\" role=\"group\" aria-roledescription=\"slide\" aria-label=\"4 von 4\"><figure class=\"swiper-slide-inner\"><img decoding=\"async\" class=\"swiper-slide-image\" src=\"https:\/\/haltern.eu\/schuetzengilde\/wp-content\/uploads\/2025\/04\/IMG_9279-300x169.png\" alt=\"IMG_9279\" \/><\/figure><\/div>\t\t\t<\/div>\n\t\t\t\t\t\t\t\t\t\t\t\t<div class=\"elementor-swiper-button elementor-swiper-button-prev\" role=\"button\" tabindex=\"0\">\n\t\t\t\t\t\t<svg aria-hidden=\"true\" class=\"e-font-icon-svg e-eicon-chevron-left\" viewBox=\"0 0 1000 1000\" xmlns=\"http:\/\/www.w3.org\/2000\/svg\"><path d=\"M646 125C629 125 613 133 604 142L308 442C296 454 292 471 292 487 292 504 296 521 308 533L604 854C617 867 629 875 646 875 663 875 679 871 692 858 704 846 713 829 713 812 713 796 708 779 692 767L438 487 692 225C700 217 708 204 708 187 708 171 704 154 692 142 675 129 663 125 646 125Z\"><\/path><\/svg>\t\t\t\t\t<\/div>\n\t\t\t\t\t<div class=\"elementor-swiper-button elementor-swiper-button-next\" role=\"button\" tabindex=\"0\">\n\t\t\t\t\t\t<svg aria-hidden=\"true\" class=\"e-font-icon-svg e-eicon-chevron-right\" viewBox=\"0 0 1000 1000\" xmlns=\"http:\/\/www.w3.org\/2000\/svg\"><path d=\"M696 533C708 521 713 504 713 487 713 471 708 454 696 446L400 146C388 133 375 125 354 125 338 125 325 129 313 142 300 154 292 171 292 187 292 204 296 221 308 233L563 492 304 771C292 783 288 800 288 817 288 833 296 850 308 863 321 871 338 875 354 875 371 875 388 867 400 854L696 533Z\"><\/path><\/svg>\t\t\t\t\t<\/div>\n\t\t\t\t\n\t\t\t\t\t\t\t\t\t<\/div>\n\t\t\t\t\t\t<\/div>\n\t\t\t\t<\/div>\n\t\t\t\t<\/div>\n\t\t\t\t\t<\/div>\n\t\t\t\t<\/div>\n\t\t<div class=\"elementor-element elementor-element-41fad4c e-flex e-con-boxed e-con e-parent\" data-id=\"41fad4c\" data-element_type=\"container\" data-e-type=\"container\" data-settings=\"{&quot;background_background&quot;:&quot;classic&quot;}\">\n\t\t\t\t\t<div class=\"e-con-inner\">\n\t\t\t\t<div class=\"elementor-element elementor-element-112bcea elementor-widget elementor-widget-heading\" data-id=\"112bcea\" data-element_type=\"widget\" data-e-type=\"widget\" data-widget_type=\"heading.default\">\n\t\t\t\t<div class=\"elementor-widget-container\">\n\t\t\t\t\t<h2 class=\"elementor-heading-title elementor-size-default\">Gildehaus Vermietung<\/h2>\t\t\t\t<\/div>\n\t\t\t\t<\/div>\n\t\t\t\t\t<\/div>\n\t\t\t\t<\/div>\n\t\t<div class=\"elementor-element elementor-element-ac96099 e-flex e-con-boxed e-con e-parent\" data-id=\"ac96099\" data-element_type=\"container\" data-e-type=\"container\" data-settings=\"{&quot;background_background&quot;:&quot;classic&quot;}\">\n\t\t\t\t\t<div class=\"e-con-inner\">\n\t\t\t\t<div class=\"elementor-element elementor-element-81b430a elementor-widget elementor-widget-text-editor\" data-id=\"81b430a\" data-element_type=\"widget\" data-e-type=\"widget\" data-widget_type=\"text-editor.default\">\n\t\t\t\t<div class=\"elementor-widget-container\">\n\t\t\t\t\t\t\t\t\t<p>Bei gr\u00f6\u00dferen Veranstaltungen, <strong>Hochzeiten, runden Geburtstagen, Firmen- oder Jubilarfeiern und vieles mehr,<\/strong> kann der Schie\u00dfstand so aufgebaut werden, dass die gesamte Fl\u00e4che zum Theken- und Gesellschaftsraum hinzugenommen werden kann. So sind <strong>Veranstaltungen von 50 Personen bis zu 250<\/strong> Personen im Gildehaus m\u00f6glich.<\/p><ul><li>Des Weiteren bietet die vor dem Gesellschaftsraum anschlie\u00dfende \u00fcberdachte Au\u00dfenterrasse die M\u00f6glichkeit die laue Abendluft im Sommer und Herbst zu genie\u00dfen.<\/li><li>F\u00fcr ein gutes Klima sorgt die eingebaute L\u00fcftungsanlage f\u00fcr die Veranstaltungsr\u00e4ume, welche gerade in Zeiten bei denen L\u00fcften zu den Grundregeln geh\u00f6rt, einen besonderen Vorteil der R\u00e4umlichkeiten darstellt.<\/li><li>F\u00fcr die Versorgung von Veranstaltungen steht der gro\u00dfe Vorbereitungsraum zur Verf\u00fcgung hier sind auch Starkstromanschl\u00fcsse f\u00fcr eventuelle Warmhalteger\u00e4te vorhanden.<\/li><li>Kochm\u00f6glichkeiten halten wir aus hygienischen Gr\u00fcnden nicht vor, allerdings kann die K\u00fcche zur Essenausgabe z.B. von einem Buffett genutzt werden.<\/li><li>Die Getr\u00e4nke k\u00f6nnen im Thekenbereich und in einem gro\u00dfen K\u00fchlraum gelagert werden.<\/li><li>Weiterhin verf\u00fcgt das Haus \u00fcber ausreichende Toilettenanlagen und ein barrierefreies WC.<\/li><li><p>Das Catering kann bei Bedarf bei jedem beliebigen Unternehmen, bevorzugt aus Haltern, bestellt werden.<\/p><\/li><li><p>Die Getr\u00e4nkelieferung erfolgt \u00fcber den Getr\u00e4nkeverleger derSch\u00fctzengilde Haltern e.V. und wird mit der Raummiete zu markt\u00fcblichen Konditionen abgerechnet.<\/p><\/li><\/ul>\t\t\t\t\t\t\t\t<\/div>\n\t\t\t\t<\/div>\n\t\t\t\t\t<\/div>\n\t\t\t\t<\/div>\n\t\t<div class=\"elementor-element elementor-element-08e406a e-flex e-con-boxed e-con e-parent\" data-id=\"08e406a\" data-element_type=\"container\" data-e-type=\"container\" data-settings=\"{&quot;background_background&quot;:&quot;classic&quot;}\">\n\t\t\t\t\t<div class=\"e-con-inner\">\n\t\t\t\t<div class=\"elementor-element elementor-element-a624c55 elementor-position-top elementor-widget elementor-widget-image-box\" data-id=\"a624c55\" data-element_type=\"widget\" data-e-type=\"widget\" data-widget_type=\"image-box.default\">\n\t\t\t\t<div class=\"elementor-widget-container\">\n\t\t\t\t\t<div class=\"elementor-image-box-wrapper\"><figure class=\"elementor-image-box-img\"><a href=\"https:\/\/schuetzengilde-haltern.de\/DATA\/app-files\/index.html\" tabindex=\"-1\"><img decoding=\"async\" width=\"1772\" height=\"1772\" src=\"https:\/\/haltern.eu\/schuetzengilde\/wp-content\/uploads\/2025\/03\/IMG_9265.jpg\" class=\"attachment-full size-full wp-image-1981\" alt=\"\" srcset=\"https:\/\/haltern.eu\/schuetzengilde\/wp-content\/uploads\/2025\/03\/IMG_9265.jpg 1772w, https:\/\/haltern.eu\/schuetzengilde\/wp-content\/uploads\/2025\/03\/IMG_9265-300x300.jpg 300w, https:\/\/haltern.eu\/schuetzengilde\/wp-content\/uploads\/2025\/03\/IMG_9265-1024x1024.jpg 1024w, https:\/\/haltern.eu\/schuetzengilde\/wp-content\/uploads\/2025\/03\/IMG_9265-150x150.jpg 150w, https:\/\/haltern.eu\/schuetzengilde\/wp-content\/uploads\/2025\/03\/IMG_9265-768x768.jpg 768w, https:\/\/haltern.eu\/schuetzengilde\/wp-content\/uploads\/2025\/03\/IMG_9265-1536x1536.jpg 1536w\" sizes=\"(max-width: 1772px) 100vw, 1772px\" \/><\/a><\/figure><div class=\"elementor-image-box-content\"><h3 class=\"elementor-image-box-title\"><a href=\"https:\/\/schuetzengilde-haltern.de\/DATA\/app-files\/index.html\">Virtueller Rundgang im Gildehaus<\/a><\/h3><p class=\"elementor-image-box-description\">Schauen sie sich in Ruhe um<\/p><\/div><\/div>\t\t\t\t<\/div>\n\t\t\t\t<\/div>\n\t\t\t\t<div class=\"elementor-element elementor-element-9876e83 elementor-widget elementor-widget-spacer\" data-id=\"9876e83\" data-element_type=\"widget\" data-e-type=\"widget\" data-widget_type=\"spacer.default\">\n\t\t\t\t<div class=\"elementor-widget-container\">\n\t\t\t\t\t\t\t<div class=\"elementor-spacer\">\n\t\t\t<div class=\"elementor-spacer-inner\"><\/div>\n\t\t<\/div>\n\t\t\t\t\t\t<\/div>\n\t\t\t\t<\/div>\n\t\t\t\t\t<\/div>\n\t\t\t\t<\/div>\n\t\t<div class=\"elementor-element elementor-element-524e717 e-flex e-con-boxed e-con e-parent\" data-id=\"524e717\" data-element_type=\"container\" data-e-type=\"container\" data-settings=\"{&quot;background_background&quot;:&quot;classic&quot;}\">\n\t\t\t\t\t<div class=\"e-con-inner\">\n\t\t<div class=\"elementor-element elementor-element-0a623a1 e-con-full e-flex e-con e-child\" data-id=\"0a623a1\" data-element_type=\"container\" data-e-type=\"container\">\n\t\t\t\t<div class=\"elementor-element elementor-element-674b5f9 elementor-widget elementor-widget-text-editor\" data-id=\"674b5f9\" data-element_type=\"widget\" data-e-type=\"widget\" data-widget_type=\"text-editor.default\">\n\t\t\t\t<div class=\"elementor-widget-container\">\n\t\t\t\t\t\t\t\t\t<p><strong>Haben wir ihr Interesse geweckt?<\/strong><\/p><p>Z\u00f6gern sie nicht, denn die Nachfrage, insbesondere zum Ende eines Jahres, ist hoch.<\/p><p>\u00a0<\/p><p>F\u00fcr alle Fragen rund um die Vermietung bez\u00fcglich Kosten, Schl\u00fcssel\u00fcbergabe, Endreinigung und sicherlich einiges mehr steht ihnen unser Ansprechpartner zur Verf\u00fcgung<\/p>\t\t\t\t\t\t\t\t<\/div>\n\t\t\t\t<\/div>\n\t\t\t\t<\/div>\n\t\t<div class=\"elementor-element elementor-element-30c835c e-con-full e-flex e-con e-child\" data-id=\"30c835c\" data-element_type=\"container\" data-e-type=\"container\">\n\t\t\t\t<div class=\"elementor-element elementor-element-e284f07 elementor-widget elementor-widget-image\" data-id=\"e284f07\" data-element_type=\"widget\" data-e-type=\"widget\" data-widget_type=\"image.default\">\n\t\t\t\t<div class=\"elementor-widget-container\">\n\t\t\t\t\t\t\t\t\t\t\t\t\t\t\t<img decoding=\"async\" width=\"1560\" height=\"850\" src=\"https:\/\/haltern.eu\/schuetzengilde\/wp-content\/uploads\/2026\/01\/visitenkarte_gildehaus-1.png\" class=\"attachment-full size-full wp-image-3725\" alt=\"\" srcset=\"https:\/\/haltern.eu\/schuetzengilde\/wp-content\/uploads\/2026\/01\/visitenkarte_gildehaus-1.png 1560w, https:\/\/haltern.eu\/schuetzengilde\/wp-content\/uploads\/2026\/01\/visitenkarte_gildehaus-1-300x163.png 300w, https:\/\/haltern.eu\/schuetzengilde\/wp-content\/uploads\/2026\/01\/visitenkarte_gildehaus-1-1024x558.png 1024w, https:\/\/haltern.eu\/schuetzengilde\/wp-content\/uploads\/2026\/01\/visitenkarte_gildehaus-1-768x418.png 768w, https:\/\/haltern.eu\/schuetzengilde\/wp-content\/uploads\/2026\/01\/visitenkarte_gildehaus-1-1536x837.png 1536w\" sizes=\"(max-width: 1560px) 100vw, 1560px\" \/>\t\t\t\t\t\t\t\t\t\t\t\t\t\t\t<\/div>\n\t\t\t\t<\/div>\n\t\t\t\t<\/div>\n\t\t\t\t\t<\/div>\n\t\t\t\t<\/div>\n\t\t<div class=\"elementor-element elementor-element-d5cdedd e-flex e-con-boxed e-con e-parent\" data-id=\"d5cdedd\" data-element_type=\"container\" data-e-type=\"container\">\n\t\t\t\t\t<div class=\"e-con-inner\">\n\t\t\t\t\t<\/div>\n\t\t\t\t<\/div>\n\t\t\t\t<\/div>\n\t\t","protected":false},"excerpt":{"rendered":"<p>Unser Gildehaus Zur Vorgeschichte Nachdem bereits seit \u00fcber 20 Jahren in der Sch\u00fctzengilde der Wunsch bestand einen eigenen Schie\u00dfstand zu bauen, wurde dieser Wunsch im Jahr 2017 Wirklichkeit. Bereits\u00a0 Adolf Pieper legte in den Achtzigerjahren die ersten Planentw\u00fcrfe f\u00fcr einen Schie\u00dfstand mit mehreren verschiedenen Bahnl\u00e4ngen und Gesellschaftsraum vor. Leider gab es damals in der Gilde [&hellip;]<\/p>\n","protected":false},"author":1,"featured_media":0,"parent":0,"menu_order":0,"comment_status":"closed","ping_status":"closed","template":"","meta":{"site-sidebar-layout":"no-sidebar","site-content-layout":"page-builder","ast-site-content-layout":"full-width-container","site-content-style":"unboxed","site-sidebar-style":"unboxed","ast-global-header-display":"","ast-banner-title-visibility":"","ast-main-header-display":"","ast-hfb-above-header-display":"","ast-hfb-below-header-display":"","ast-hfb-mobile-header-display":"","site-post-title":"disabled","ast-breadcrumbs-content":"disabled","ast-featured-img":"disabled","footer-sml-layout":"","ast-disable-related-posts":"","theme-transparent-header-meta":"enabled","adv-header-id-meta":"","stick-header-meta":"","header-above-stick-meta":"","header-main-stick-meta":"","header-below-stick-meta":"","astra-migrate-meta-layouts":"set","ast-page-background-enabled":"default","ast-page-background-meta":{"desktop":{"background-color":"","background-image":"","background-repeat":"repeat","background-position":"center center","background-size":"auto","background-attachment":"scroll","background-type":"","background-media":"","overlay-type":"","overlay-color":"","overlay-opacity":"","overlay-gradient":""},"tablet":{"background-color":"","background-image":"","background-repeat":"repeat","background-position":"center center","background-size":"auto","background-attachment":"scroll","background-type":"","background-media":"","overlay-type":"","overlay-color":"","overlay-opacity":"","overlay-gradient":""},"mobile":{"background-color":"","background-image":"","background-repeat":"repeat","background-position":"center center","background-size":"auto","background-attachment":"scroll","background-type":"","background-media":"","overlay-type":"","overlay-color":"","overlay-opacity":"","overlay-gradient":""}},"ast-content-background-meta":{"desktop":{"background-color":"var(--ast-global-color-5)","background-image":"","background-repeat":"repeat","background-position":"center center","background-size":"auto","background-attachment":"scroll","background-type":"","background-media":"","overlay-type":"","overlay-color":"","overlay-opacity":"","overlay-gradient":""},"tablet":{"background-color":"var(--ast-global-color-5)","background-image":"","background-repeat":"repeat","background-position":"center center","background-size":"auto","background-attachment":"scroll","background-type":"","background-media":"","overlay-type":"","overlay-color":"","overlay-opacity":"","overlay-gradient":""},"mobile":{"background-color":"var(--ast-global-color-5)","background-image":"","background-repeat":"repeat","background-position":"center center","background-size":"auto","background-attachment":"scroll","background-type":"","background-media":"","overlay-type":"","overlay-color":"","overlay-opacity":"","overlay-gradient":""}},"footnotes":""},"class_list":["post-351","page","type-page","status-publish","hentry"],"_links":{"self":[{"href":"https:\/\/haltern.eu\/schuetzengilde\/wp-json\/wp\/v2\/pages\/351","targetHints":{"allow":["GET"]}}],"collection":[{"href":"https:\/\/haltern.eu\/schuetzengilde\/wp-json\/wp\/v2\/pages"}],"about":[{"href":"https:\/\/haltern.eu\/schuetzengilde\/wp-json\/wp\/v2\/types\/page"}],"author":[{"embeddable":true,"href":"https:\/\/haltern.eu\/schuetzengilde\/wp-json\/wp\/v2\/users\/1"}],"replies":[{"embeddable":true,"href":"https:\/\/haltern.eu\/schuetzengilde\/wp-json\/wp\/v2\/comments?post=351"}],"version-history":[{"count":10,"href":"https:\/\/haltern.eu\/schuetzengilde\/wp-json\/wp\/v2\/pages\/351\/revisions"}],"predecessor-version":[{"id":3728,"href":"https:\/\/haltern.eu\/schuetzengilde\/wp-json\/wp\/v2\/pages\/351\/revisions\/3728"}],"wp:attachment":[{"href":"https:\/\/haltern.eu\/schuetzengilde\/wp-json\/wp\/v2\/media?parent=351"}],"curies":[{"name":"wp","href":"https:\/\/api.w.org\/{rel}","templated":true}]}}