{"id":2436,"date":"2025-04-03T08:56:09","date_gmt":"2025-04-03T06:56:09","guid":{"rendered":"https:\/\/haltern.eu\/schuetzengilde\/?page_id=2436"},"modified":"2025-11-26T09:42:17","modified_gmt":"2025-11-26T08:42:17","slug":"impressum","status":"publish","type":"page","link":"https:\/\/haltern.eu\/schuetzengilde\/impressum\/","title":{"rendered":"Impressum"},"content":{"rendered":"\t\t<div data-elementor-type=\"wp-page\" data-elementor-id=\"2436\" class=\"elementor elementor-2436\">\n\t\t\t\t<div class=\"elementor-element elementor-element-f394011 e-flex e-con-boxed e-con e-parent\" data-id=\"f394011\" data-element_type=\"container\" data-e-type=\"container\" data-settings=\"{&quot;background_background&quot;:&quot;gradient&quot;}\">\n\t\t\t\t\t<div class=\"e-con-inner\">\n\t\t<div class=\"elementor-element elementor-element-60a5e49 e-con-full e-flex e-con e-child\" data-id=\"60a5e49\" data-element_type=\"container\" data-e-type=\"container\">\n\t\t<div class=\"elementor-element elementor-element-ab11098 e-con-full e-flex e-con e-child\" data-id=\"ab11098\" data-element_type=\"container\" data-e-type=\"container\">\n\t\t<div class=\"elementor-element elementor-element-761a804 e-grid e-con-full e-con e-child\" data-id=\"761a804\" data-element_type=\"container\" data-e-type=\"container\">\n\t\t\t\t<div class=\"elementor-element elementor-element-7ffda92 elementor-widget elementor-widget-image\" data-id=\"7ffda92\" data-element_type=\"widget\" data-e-type=\"widget\" data-settings=\"{&quot;_animation&quot;:&quot;none&quot;}\" data-widget_type=\"image.default\">\n\t\t\t\t<div class=\"elementor-widget-container\">\n\t\t\t\t\t\t\t\t\t\t\t\t\t\t\t<img fetchpriority=\"high\" decoding=\"async\" width=\"300\" height=\"300\" src=\"https:\/\/haltern.eu\/schuetzengilde\/wp-content\/uploads\/2025\/03\/favicon_gilde-300x300.png\" class=\"attachment-medium size-medium wp-image-1173\" alt=\"\" srcset=\"https:\/\/haltern.eu\/schuetzengilde\/wp-content\/uploads\/2025\/03\/favicon_gilde-300x300.png 300w, https:\/\/haltern.eu\/schuetzengilde\/wp-content\/uploads\/2025\/03\/favicon_gilde-150x150.png 150w, https:\/\/haltern.eu\/schuetzengilde\/wp-content\/uploads\/2025\/03\/favicon_gilde.png 512w\" sizes=\"(max-width: 300px) 100vw, 300px\" \/>\t\t\t\t\t\t\t\t\t\t\t\t\t\t\t<\/div>\n\t\t\t\t<\/div>\n\t\t\t\t<div class=\"elementor-element elementor-element-eaad6d1 elementor-invisible elementor-widget elementor-widget-heading\" data-id=\"eaad6d1\" data-element_type=\"widget\" data-e-type=\"widget\" data-settings=\"{&quot;_animation&quot;:&quot;zoomInUp&quot;,&quot;_animation_delay&quot;:300}\" data-widget_type=\"heading.default\">\n\t\t\t\t<div class=\"elementor-widget-container\">\n\t\t\t\t\t<h2 class=\"elementor-heading-title elementor-size-default\">Impressum<\/h2>\t\t\t\t<\/div>\n\t\t\t\t<\/div>\n\t\t\t\t<\/div>\n\t\t\t\t<\/div>\n\t\t\t\t<\/div>\n\t\t\t\t\t<\/div>\n\t\t\t\t<\/div>\n\t\t<div class=\"elementor-element elementor-element-2867122 e-flex e-con-boxed e-con e-parent\" data-id=\"2867122\" data-element_type=\"container\" data-e-type=\"container\">\n\t\t\t\t\t<div class=\"e-con-inner\">\n\t\t\t\t<div class=\"elementor-element elementor-element-bb8c279 elementor-widget elementor-widget-text-editor\" data-id=\"bb8c279\" data-element_type=\"widget\" data-e-type=\"widget\" data-widget_type=\"text-editor.default\">\n\t\t\t\t<div class=\"elementor-widget-container\">\n\t\t\t\t\t\t\t\t\t<header class=\"entry-header ast-header-without-markup\"><h1 class=\"entry-title\">Impressum<\/h1><\/header><div class=\"entry-content clear\" data-ast-blocks-layout=\"true\"><p>Sch\u00fctzengilde Haltern e. V.<\/p><p>Saarbr\u00fcckenstra\u00dfe 6<\/p><p>45721 Haltern am See<\/p><p>Telefon: 02364-169793<\/p><p>E-Mail: \u00a0praesident(at)schuetzengilde-haltern.de<\/p><p>Internet: www.schuetzengilde-haltern.de<\/p><p>V. i. S. d. P.: Der Pr\u00e4sident Frank Leopold<\/p><p>Kontakt zum Webmaster:<\/p><p>schriftfuehrer(at)schuetzengilde-haltern.de<\/p><p>Des Weiteren gibt es unsere Datenschutzerkl\u00e4rung:<strong> <a href=\"https:\/\/www.schuetzengilde-haltern.de\/gildeseite\/datenschutz.php\">hier<\/a><\/strong>.<\/p><p><strong>Haftungshinweis:<\/strong><\/p><p>Trotz sorgf\u00e4ltiger inhaltlicher Kontrolle \u00fcbernimmt die Sch\u00fctzengilde Haltern e. V. keine Haftung f\u00fcr die Inhalte externer Links. F\u00fcr den Inhalt der verlinkten Seiten sind ausschlie\u00dflich deren Betreiber verantwortlich.<\/p><p>Die Sch\u00fctzengilde Haltern e. V. ist bem\u00fcht, dass alle Informationen \u00a0und Daten auf dieser Website zutreffend und aktuell sind. Eine Haftung oder Garantie f\u00fcr die Aktualit\u00e4t, Richtigkeit und \u00a0Vollst\u00e4ndigkeit der zur Verf\u00fcgung gestellten Informationen und Daten ist jedoch ausgeschlossen. Dieser \u00a0Hinweis gilt ebenso f\u00fcr alle anderen Websites, auf die durch Hyperlinks verwiesen wird. F\u00fcr all diese Links gilt: Die Sch\u00fctzengilde Haltern e. V. m\u00f6chte \u00a0ausdr\u00fccklich betonen, dass sie keinerlei Einfluss auf die Gestaltung und die Inhalte der Websites hat, \u00a0die mittels einer solchen Verbindung erreicht werden und nicht durch sie betriebenen werden. Deshalb distanziere sich die Sch\u00fctzengilde Haltern hiermit ausdr\u00fccklich \u00a0von allen Inhalten dieser gelinkten Seiten auf dieser Homepage.<\/p><p>Die Sch\u00fctzengilde Haltern e. V. beh\u00e4lt sich vor, ohne Ank\u00fcndigungen \u00c4nderungen oder Erg\u00e4nzungen der bereitgestellten Daten oder Informationen vorzunehmen.<\/p><p>Der Inhalt dieser Website ist urheberrechtlich gesch\u00fctzt. Somit bedarf die Vervielf\u00e4ltigung von Informationen oder Daten, insbesondere die Verwendung von Texten, Textteilen oder Bildmaterial der vorherigen Zustimmung der Sch\u00fctzengilde Haltern e. V..<\/p><\/div>\t\t\t\t\t\t\t\t<\/div>\n\t\t\t\t<\/div>\n\t\t\t\t\t<\/div>\n\t\t\t\t<\/div>\n\t\t\t\t<\/div>\n\t\t","protected":false},"excerpt":{"rendered":"<p>Impressum Impressum Sch\u00fctzengilde Haltern e. V. Saarbr\u00fcckenstra\u00dfe 6 45721 Haltern am See Telefon: 02364-169793 E-Mail: \u00a0praesident(at)schuetzengilde-haltern.de Internet: www.schuetzengilde-haltern.de V. i. S. d. P.: Der Pr\u00e4sident Frank Leopold Kontakt zum Webmaster: schriftfuehrer(at)schuetzengilde-haltern.de Des Weiteren gibt es unsere Datenschutzerkl\u00e4rung: hier. Haftungshinweis: Trotz sorgf\u00e4ltiger inhaltlicher Kontrolle \u00fcbernimmt die Sch\u00fctzengilde Haltern e. V. keine Haftung f\u00fcr die Inhalte externer [&hellip;]<\/p>\n","protected":false},"author":1,"featured_media":0,"parent":0,"menu_order":0,"comment_status":"closed","ping_status":"closed","template":"","meta":{"site-sidebar-layout":"no-sidebar","site-content-layout":"page-builder","ast-site-content-layout":"full-width-container","site-content-style":"unboxed","site-sidebar-style":"unboxed","ast-global-header-display":"","ast-banner-title-visibility":"","ast-main-header-display":"","ast-hfb-above-header-display":"","ast-hfb-below-header-display":"","ast-hfb-mobile-header-display":"","site-post-title":"disabled","ast-breadcrumbs-content":"disabled","ast-featured-img":"disabled","footer-sml-layout":"","ast-disable-related-posts":"","theme-transparent-header-meta":"enabled","adv-header-id-meta":"","stick-header-meta":"","header-above-stick-meta":"","header-main-stick-meta":"","header-below-stick-meta":"","astra-migrate-meta-layouts":"set","ast-page-background-enabled":"default","ast-page-background-meta":{"desktop":{"background-color":"","background-image":"","background-repeat":"repeat","background-position":"center center","background-size":"auto","background-attachment":"scroll","background-type":"","background-media":"","overlay-type":"","overlay-color":"","overlay-opacity":"","overlay-gradient":""},"tablet":{"background-color":"","background-image":"","background-repeat":"repeat","background-position":"center center","background-size":"auto","background-attachment":"scroll","background-type":"","background-media":"","overlay-type":"","overlay-color":"","overlay-opacity":"","overlay-gradient":""},"mobile":{"background-color":"","background-image":"","background-repeat":"repeat","background-position":"center center","background-size":"auto","background-attachment":"scroll","background-type":"","background-media":"","overlay-type":"","overlay-color":"","overlay-opacity":"","overlay-gradient":""}},"ast-content-background-meta":{"desktop":{"background-color":"var(--ast-global-color-5)","background-image":"","background-repeat":"repeat","background-position":"center center","background-size":"auto","background-attachment":"scroll","background-type":"","background-media":"","overlay-type":"","overlay-color":"","overlay-opacity":"","overlay-gradient":""},"tablet":{"background-color":"var(--ast-global-color-5)","background-image":"","background-repeat":"repeat","background-position":"center center","background-size":"auto","background-attachment":"scroll","background-type":"","background-media":"","overlay-type":"","overlay-color":"","overlay-opacity":"","overlay-gradient":""},"mobile":{"background-color":"var(--ast-global-color-5)","background-image":"","background-repeat":"repeat","background-position":"center center","background-size":"auto","background-attachment":"scroll","background-type":"","background-media":"","overlay-type":"","overlay-color":"","overlay-opacity":"","overlay-gradient":""}},"footnotes":""},"class_list":["post-2436","page","type-page","status-publish","hentry"],"_links":{"self":[{"href":"https:\/\/haltern.eu\/schuetzengilde\/wp-json\/wp\/v2\/pages\/2436","targetHints":{"allow":["GET"]}}],"collection":[{"href":"https:\/\/haltern.eu\/schuetzengilde\/wp-json\/wp\/v2\/pages"}],"about":[{"href":"https:\/\/haltern.eu\/schuetzengilde\/wp-json\/wp\/v2\/types\/page"}],"author":[{"embeddable":true,"href":"https:\/\/haltern.eu\/schuetzengilde\/wp-json\/wp\/v2\/users\/1"}],"replies":[{"embeddable":true,"href":"https:\/\/haltern.eu\/schuetzengilde\/wp-json\/wp\/v2\/comments?post=2436"}],"version-history":[{"count":8,"href":"https:\/\/haltern.eu\/schuetzengilde\/wp-json\/wp\/v2\/pages\/2436\/revisions"}],"predecessor-version":[{"id":3681,"href":"https:\/\/haltern.eu\/schuetzengilde\/wp-json\/wp\/v2\/pages\/2436\/revisions\/3681"}],"wp:attachment":[{"href":"https:\/\/haltern.eu\/schuetzengilde\/wp-json\/wp\/v2\/media?parent=2436"}],"curies":[{"name":"wp","href":"https:\/\/api.w.org\/{rel}","templated":true}]}}