{"id":2255,"date":"2025-04-02T10:08:25","date_gmt":"2025-04-02T08:08:25","guid":{"rendered":"https:\/\/haltern.eu\/schuetzengilde\/?page_id=2255"},"modified":"2025-04-11T10:39:29","modified_gmt":"2025-04-11T08:39:29","slug":"der-verein","status":"publish","type":"page","link":"https:\/\/haltern.eu\/schuetzengilde\/der-verein\/","title":{"rendered":"Der Verein"},"content":{"rendered":"\t\t<div data-elementor-type=\"wp-page\" data-elementor-id=\"2255\" class=\"elementor elementor-2255\">\n\t\t\t\t<div class=\"elementor-element elementor-element-f394011 e-flex e-con-boxed e-con e-parent\" data-id=\"f394011\" data-element_type=\"container\" data-e-type=\"container\" data-settings=\"{&quot;background_background&quot;:&quot;gradient&quot;}\">\n\t\t\t\t\t<div class=\"e-con-inner\">\n\t\t<div class=\"elementor-element elementor-element-60a5e49 e-con-full e-flex e-con e-child\" data-id=\"60a5e49\" data-element_type=\"container\" data-e-type=\"container\">\n\t\t<div class=\"elementor-element elementor-element-ab11098 e-con-full e-flex e-con e-child\" data-id=\"ab11098\" data-element_type=\"container\" data-e-type=\"container\">\n\t\t<div class=\"elementor-element elementor-element-761a804 e-grid e-con-full e-con e-child\" data-id=\"761a804\" data-element_type=\"container\" data-e-type=\"container\">\n\t\t\t\t<div class=\"elementor-element elementor-element-7ffda92 elementor-widget elementor-widget-image\" data-id=\"7ffda92\" data-element_type=\"widget\" data-e-type=\"widget\" data-settings=\"{&quot;_animation&quot;:&quot;none&quot;}\" data-widget_type=\"image.default\">\n\t\t\t\t<div class=\"elementor-widget-container\">\n\t\t\t\t\t\t\t\t\t\t\t\t\t\t\t<img fetchpriority=\"high\" decoding=\"async\" width=\"300\" height=\"300\" src=\"https:\/\/haltern.eu\/schuetzengilde\/wp-content\/uploads\/2025\/03\/favicon_gilde-300x300.png\" class=\"attachment-medium size-medium wp-image-1173\" alt=\"\" srcset=\"https:\/\/haltern.eu\/schuetzengilde\/wp-content\/uploads\/2025\/03\/favicon_gilde-300x300.png 300w, https:\/\/haltern.eu\/schuetzengilde\/wp-content\/uploads\/2025\/03\/favicon_gilde-150x150.png 150w, https:\/\/haltern.eu\/schuetzengilde\/wp-content\/uploads\/2025\/03\/favicon_gilde.png 512w\" sizes=\"(max-width: 300px) 100vw, 300px\" \/>\t\t\t\t\t\t\t\t\t\t\t\t\t\t\t<\/div>\n\t\t\t\t<\/div>\n\t\t\t\t<div class=\"elementor-element elementor-element-eaad6d1 elementor-invisible elementor-widget elementor-widget-heading\" data-id=\"eaad6d1\" data-element_type=\"widget\" data-e-type=\"widget\" data-settings=\"{&quot;_animation&quot;:&quot;zoomInUp&quot;,&quot;_animation_delay&quot;:300}\" data-widget_type=\"heading.default\">\n\t\t\t\t<div class=\"elementor-widget-container\">\n\t\t\t\t\t<h2 class=\"elementor-heading-title elementor-size-default\">Der Verein<\/h2>\t\t\t\t<\/div>\n\t\t\t\t<\/div>\n\t\t\t\t<\/div>\n\t\t\t\t<\/div>\n\t\t\t\t<\/div>\n\t\t\t\t\t<\/div>\n\t\t\t\t<\/div>\n\t\t<div class=\"elementor-element elementor-element-80b9810 e-flex e-con-boxed e-con e-parent\" data-id=\"80b9810\" data-element_type=\"container\" data-e-type=\"container\">\n\t\t\t\t\t<div class=\"e-con-inner\">\n\t\t\t\t<div class=\"elementor-element elementor-element-5c4000c elementor-widget elementor-widget-heading\" data-id=\"5c4000c\" data-element_type=\"widget\" data-e-type=\"widget\" data-widget_type=\"heading.default\">\n\t\t\t\t<div class=\"elementor-widget-container\">\n\t\t\t\t\t<h5 class=\"elementor-heading-title elementor-size-default\">Auszug aus der Satzung<\/h5>\t\t\t\t<\/div>\n\t\t\t\t<\/div>\n\t\t\t\t<div class=\"elementor-element elementor-element-f1888b6 elementor-widget elementor-widget-text-editor\" data-id=\"f1888b6\" data-element_type=\"widget\" data-e-type=\"widget\" data-widget_type=\"text-editor.default\">\n\t\t\t\t<div class=\"elementor-widget-container\">\n\t\t\t\t\t\t\t\t\t<p><span style=\"text-decoration: underline;\"><strong>\u00a71 Name, Sitz und Zweck des Vereins.<\/strong><\/span><\/p><p>Die &#8222;Schu\u0308tzengilde Haltern e.V.&#8220; mit Sitz in 45721 Haltern verfolgt ausschlie\u00dflich und unmittelbar gemeinnu\u0308tzige Zwecke im Sinne des Abschnitts &#8222;Steuerbegu\u0308nstigte Zwecke&#8220; der Abgabenordnung. Zweck des Vereins ist die F\u00f6rderung von Kultur und Sport. Der Satzungszweck wird verwirklicht<br \/>insbesondere durch die Errichtung von Sportanlagen, F\u00f6rderung schie\u00dfsportlicher \u00dcbungen und Leistungen mit dem Ziel, an den Sportwettk\u00e4mpfen des deutschen Schu\u0308tzenbundes teilzunehmen, sowie der Pflege tradionellen Brauchtums (Durchfu\u0308hrung des Schu\u0308tzenfestes) und ihre Weitergabe<br \/>insbesondere an die Jugend.<\/p>\t\t\t\t\t\t\t\t<\/div>\n\t\t\t\t<\/div>\n\t\t\t\t\t<\/div>\n\t\t\t\t<\/div>\n\t\t<div class=\"elementor-element elementor-element-7b581b7 e-grid e-con-boxed e-con e-parent\" data-id=\"7b581b7\" data-element_type=\"container\" data-e-type=\"container\" data-settings=\"{&quot;background_background&quot;:&quot;classic&quot;}\">\n\t\t\t\t\t<div class=\"e-con-inner\">\n\t\t<div class=\"elementor-element elementor-element-b2981e7 e-con-full e-flex e-con e-child\" data-id=\"b2981e7\" data-element_type=\"container\" data-e-type=\"container\">\n\t\t\t\t<div class=\"elementor-element elementor-element-a68af66 elementor-widget elementor-widget-image\" data-id=\"a68af66\" data-element_type=\"widget\" data-e-type=\"widget\" data-widget_type=\"image.default\">\n\t\t\t\t<div class=\"elementor-widget-container\">\n\t\t\t\t\t\t\t\t\t\t\t\t\t\t\t\t<a href=\"https:\/\/haltern.eu\/schuetzengilde\/wp-content\/uploads\/2025\/04\/Struktur_Gilde.png\" data-elementor-open-lightbox=\"yes\" data-elementor-lightbox-title=\"Struktur_Gilde\" data-e-action-hash=\"#elementor-action%3Aaction%3Dlightbox%26settings%3DeyJpZCI6MjI1OSwidXJsIjoiaHR0cHM6XC9cL2hhbHRlcm4uZXVcL3NjaHVldHplbmdpbGRlXC93cC1jb250ZW50XC91cGxvYWRzXC8yMDI1XC8wNFwvU3RydWt0dXJfR2lsZGUucG5nIn0%3D\">\n\t\t\t\t\t\t\t<img decoding=\"async\" width=\"948\" height=\"1024\" src=\"https:\/\/haltern.eu\/schuetzengilde\/wp-content\/uploads\/2025\/04\/Struktur_Gilde-948x1024.png\" class=\"attachment-large size-large wp-image-2259\" alt=\"\" srcset=\"https:\/\/haltern.eu\/schuetzengilde\/wp-content\/uploads\/2025\/04\/Struktur_Gilde-948x1024.png 948w, https:\/\/haltern.eu\/schuetzengilde\/wp-content\/uploads\/2025\/04\/Struktur_Gilde-278x300.png 278w, https:\/\/haltern.eu\/schuetzengilde\/wp-content\/uploads\/2025\/04\/Struktur_Gilde-768x830.png 768w, https:\/\/haltern.eu\/schuetzengilde\/wp-content\/uploads\/2025\/04\/Struktur_Gilde.png 1242w\" sizes=\"(max-width: 948px) 100vw, 948px\" \/>\t\t\t\t\t\t\t\t<\/a>\n\t\t\t\t\t\t\t\t\t\t\t\t\t\t\t<\/div>\n\t\t\t\t<\/div>\n\t\t\t\t<\/div>\n\t\t\t\t<div class=\"elementor-element elementor-element-2f69c2f elementor-widget elementor-widget-text-editor\" data-id=\"2f69c2f\" data-element_type=\"widget\" data-e-type=\"widget\" data-widget_type=\"text-editor.default\">\n\t\t\t\t<div class=\"elementor-widget-container\">\n\t\t\t\t\t\t\t\t\t<p><strong>Vereinsstruktur<\/strong><\/p><p>Eine h\u00e4ufig gestellte Frage ist: Was ist das \u00fcberhaupt, die Gilde?<\/p><p>Auf die Antwort &#8222;Der Verein&#8220; folgt dann meistens die Frage: Und was sind dann die Kompanien?<\/p><p>Diese Fragen beruhen auf der Tatsache, dass die Gilde als solche in der \u00d6ffentlichkeit kaum in Erscheinung tritt. Hier sind es im wesentlichen die einzelnen Kompanien, welche die Aufmerksamkeit erregen. In den Kompanien findet das eigentliche Vereinsleben zwischen den Sch\u00fctzenfesten statt.<\/p><p>Die gesamt Gilde kommt (abgesehen von einigen Ausnahmen) im Grunde nur beim Sch\u00fctzenfest zusammen. Bei einer Mitgliederzahl von inzwischen \u00fcber 1.100 ist das wohl kaum verwunderlich. Selbst vielen Mitgliedern ist nicht bewusst, dass sie nicht Mitglied in einem &#8222;Verein Sch\u00fctzenkompanie \u00a0X&#8220; sondern in der Sch\u00fctzengilde Haltern e.V. sind.<\/p><p>Die Sch\u00fctzengilde Haltern e. V. ist der beim Amtsgericht Marl im Vereinsregister unter VR10420 eingetragene gemeinn\u00fctzige Verein.<\/p><p>Im \u00a71 der Satzung dieses Vereins, siehe oben,\u00a0 ist der Vereinszweck exakt benannt.<\/p><p>Die Kompanien sind somit Organe des Vereins. Jedes Mitglied der Sch\u00fctzengilde Haltern e. V. ist in einer der Kompanien oder bei den Sappeuren eingeschrieben. Hier findet wie oben erw\u00e4hnt das eigentliche Vereinsleben in unterschiedlichsten Auspr\u00e4gungsformen und Intensit\u00e4ten statt.<\/p>\t\t\t\t\t\t\t\t<\/div>\n\t\t\t\t<\/div>\n\t\t\t\t\t<\/div>\n\t\t\t\t<\/div>\n\t\t\t\t<\/div>\n\t\t","protected":false},"excerpt":{"rendered":"<p>Der Verein Auszug aus der Satzung \u00a71 Name, Sitz und Zweck des Vereins. Die &#8222;Schu\u0308tzengilde Haltern e.V.&#8220; mit Sitz in 45721 Haltern verfolgt ausschlie\u00dflich und unmittelbar gemeinnu\u0308tzige Zwecke im Sinne des Abschnitts &#8222;Steuerbegu\u0308nstigte Zwecke&#8220; der Abgabenordnung. Zweck des Vereins ist die F\u00f6rderung von Kultur und Sport. Der Satzungszweck wird verwirklichtinsbesondere durch die Errichtung von Sportanlagen, [&hellip;]<\/p>\n","protected":false},"author":1,"featured_media":0,"parent":0,"menu_order":0,"comment_status":"closed","ping_status":"closed","template":"","meta":{"site-sidebar-layout":"no-sidebar","site-content-layout":"page-builder","ast-site-content-layout":"full-width-container","site-content-style":"unboxed","site-sidebar-style":"unboxed","ast-global-header-display":"","ast-banner-title-visibility":"","ast-main-header-display":"","ast-hfb-above-header-display":"","ast-hfb-below-header-display":"","ast-hfb-mobile-header-display":"","site-post-title":"disabled","ast-breadcrumbs-content":"disabled","ast-featured-img":"disabled","footer-sml-layout":"","ast-disable-related-posts":"","theme-transparent-header-meta":"enabled","adv-header-id-meta":"","stick-header-meta":"","header-above-stick-meta":"","header-main-stick-meta":"","header-below-stick-meta":"","astra-migrate-meta-layouts":"set","ast-page-background-enabled":"default","ast-page-background-meta":{"desktop":{"background-color":"","background-image":"","background-repeat":"repeat","background-position":"center center","background-size":"auto","background-attachment":"scroll","background-type":"","background-media":"","overlay-type":"","overlay-color":"","overlay-opacity":"","overlay-gradient":""},"tablet":{"background-color":"","background-image":"","background-repeat":"repeat","background-position":"center center","background-size":"auto","background-attachment":"scroll","background-type":"","background-media":"","overlay-type":"","overlay-color":"","overlay-opacity":"","overlay-gradient":""},"mobile":{"background-color":"","background-image":"","background-repeat":"repeat","background-position":"center center","background-size":"auto","background-attachment":"scroll","background-type":"","background-media":"","overlay-type":"","overlay-color":"","overlay-opacity":"","overlay-gradient":""}},"ast-content-background-meta":{"desktop":{"background-color":"var(--ast-global-color-5)","background-image":"","background-repeat":"repeat","background-position":"center center","background-size":"auto","background-attachment":"scroll","background-type":"","background-media":"","overlay-type":"","overlay-color":"","overlay-opacity":"","overlay-gradient":""},"tablet":{"background-color":"var(--ast-global-color-5)","background-image":"","background-repeat":"repeat","background-position":"center center","background-size":"auto","background-attachment":"scroll","background-type":"","background-media":"","overlay-type":"","overlay-color":"","overlay-opacity":"","overlay-gradient":""},"mobile":{"background-color":"var(--ast-global-color-5)","background-image":"","background-repeat":"repeat","background-position":"center center","background-size":"auto","background-attachment":"scroll","background-type":"","background-media":"","overlay-type":"","overlay-color":"","overlay-opacity":"","overlay-gradient":""}},"footnotes":""},"class_list":["post-2255","page","type-page","status-publish","hentry"],"_links":{"self":[{"href":"https:\/\/haltern.eu\/schuetzengilde\/wp-json\/wp\/v2\/pages\/2255","targetHints":{"allow":["GET"]}}],"collection":[{"href":"https:\/\/haltern.eu\/schuetzengilde\/wp-json\/wp\/v2\/pages"}],"about":[{"href":"https:\/\/haltern.eu\/schuetzengilde\/wp-json\/wp\/v2\/types\/page"}],"author":[{"embeddable":true,"href":"https:\/\/haltern.eu\/schuetzengilde\/wp-json\/wp\/v2\/users\/1"}],"replies":[{"embeddable":true,"href":"https:\/\/haltern.eu\/schuetzengilde\/wp-json\/wp\/v2\/comments?post=2255"}],"version-history":[{"count":11,"href":"https:\/\/haltern.eu\/schuetzengilde\/wp-json\/wp\/v2\/pages\/2255\/revisions"}],"predecessor-version":[{"id":2482,"href":"https:\/\/haltern.eu\/schuetzengilde\/wp-json\/wp\/v2\/pages\/2255\/revisions\/2482"}],"wp:attachment":[{"href":"https:\/\/haltern.eu\/schuetzengilde\/wp-json\/wp\/v2\/media?parent=2255"}],"curies":[{"name":"wp","href":"https:\/\/api.w.org\/{rel}","templated":true}]}}